{"id":1100,"date":"2016-03-16T19:50:28","date_gmt":"2016-03-16T19:50:28","guid":{"rendered":"https:\/\/demo05.houzez.co\/?page_id=1100"},"modified":"2026-03-16T20:22:40","modified_gmt":"2026-03-16T20:22:40","slug":"contact","status":"publish","type":"page","link":"https:\/\/foncomerinmobiliaria.com.co\/?page_id=1100","title":{"rendered":"Contacto"},"content":{"rendered":"\t\t<div data-elementor-type=\"wp-post\" data-elementor-id=\"1100\" class=\"elementor elementor-1100\">\n\t\t\t\t\t\t<section class=\"elementor-section elementor-top-section elementor-element elementor-element-17221519 elementor-section-boxed elementor-section-height-default elementor-section-height-default\" data-id=\"17221519\" data-element_type=\"section\" data-e-type=\"section\">\n\t\t\t\t\t\t<div class=\"elementor-container elementor-column-gap-default\">\n\t\t\t\t\t<div class=\"elementor-column elementor-col-100 elementor-top-column elementor-element elementor-element-75ab0490\" data-id=\"75ab0490\" data-element_type=\"column\" data-e-type=\"column\">\n\t\t\t<div class=\"elementor-widget-wrap elementor-element-populated\">\n\t\t\t\t\t\t<div class=\"elementor-element elementor-element-471b5610 elementor-widget elementor-widget-houzez_elementor_space\" data-id=\"471b5610\" data-element_type=\"widget\" data-e-type=\"widget\" data-widget_type=\"houzez_elementor_space.default\">\n\t\t\t\t<div class=\"elementor-widget-container\">\n\t\t\t\t\t        <div class=\"houzez-spacer\">\n            <div class=\"houzez-spacer-inner\"><\/div>\n        <\/div>\n        \t\t\t\t<\/div>\n\t\t\t\t<\/div>\n\t\t\t\t<div class=\"elementor-element elementor-element-5a09826e elementor-widget elementor-widget-heading\" data-id=\"5a09826e\" data-element_type=\"widget\" data-e-type=\"widget\" data-widget_type=\"heading.default\">\n\t\t\t\t<div class=\"elementor-widget-container\">\n\t\t\t\t\t<h1 class=\"elementor-heading-title elementor-size-xl\">Contacta con nosotros<\/h1>\t\t\t\t<\/div>\n\t\t\t\t<\/div>\n\t\t\t\t<div class=\"elementor-element elementor-element-21c55ecf elementor-widget elementor-widget-heading\" data-id=\"21c55ecf\" data-element_type=\"widget\" data-e-type=\"widget\" data-widget_type=\"heading.default\">\n\t\t\t\t<div class=\"elementor-widget-container\">\n\t\t\t\t\t<p class=\"elementor-heading-title elementor-size-medium\">Ofrecemos propiedades \u00fanicas aptas para cualquier tipo de comodidad<\/p>\t\t\t\t<\/div>\n\t\t\t\t<\/div>\n\t\t\t\t<div class=\"elementor-element elementor-element-374aee2 elementor-widget elementor-widget-houzez_elementor_space\" data-id=\"374aee2\" data-element_type=\"widget\" data-e-type=\"widget\" data-widget_type=\"houzez_elementor_space.default\">\n\t\t\t\t<div class=\"elementor-widget-container\">\n\t\t\t\t\t        <div class=\"houzez-spacer\">\n            <div class=\"houzez-spacer-inner\"><\/div>\n        <\/div>\n        \t\t\t\t<\/div>\n\t\t\t\t<\/div>\n\t\t\t\t\t<\/div>\n\t\t<\/div>\n\t\t\t\t\t<\/div>\n\t\t<\/section>\n\t\t\t\t<section class=\"elementor-section elementor-top-section elementor-element elementor-element-6d834ca0 elementor-section-boxed elementor-section-height-default elementor-section-height-default\" data-id=\"6d834ca0\" data-element_type=\"section\" data-e-type=\"section\">\n\t\t\t\t\t\t<div class=\"elementor-container elementor-column-gap-default\">\n\t\t\t\t\t<div class=\"elementor-column elementor-col-50 elementor-top-column elementor-element elementor-element-3987d9c8\" data-id=\"3987d9c8\" data-element_type=\"column\" data-e-type=\"column\">\n\t\t\t<div class=\"elementor-widget-wrap elementor-element-populated\">\n\t\t\t\t\t\t<div class=\"elementor-element elementor-element-62adf3cf elementor-widget elementor-widget-text-editor\" data-id=\"62adf3cf\" data-element_type=\"widget\" data-e-type=\"widget\" data-widget_type=\"text-editor.default\">\n\t\t\t\t<div class=\"elementor-widget-container\">\n\t\t\t\t\t\t\t\t\t<p>Escr\u00edbenos responderemos dentro de las 12 horas. Le proporcionaremos una respuesta detallada de nuestros agentes calificados con un plan de acci\u00f3n.<\/p>\t\t\t\t\t\t\t\t<\/div>\n\t\t\t\t<\/div>\n\t\t\t\t<div class=\"elementor-element elementor-element-258569e elementor-button-align-stretch elementor-widget elementor-widget-houzez_elementor_contact_form\" data-id=\"258569e\" data-element_type=\"widget\" data-e-type=\"widget\" data-widget_type=\"houzez_elementor_contact_form.default\">\n\t\t\t\t<div class=\"elementor-widget-container\">\n\t\t\t\t\t\n        <script type=\"application\/javascript\">\n            jQuery(document).bind(\"ready\", function () {\n                houzezValidateElementor(\"#houzez-form-258569e\" );\n            });\n        <\/script>\n\n        <form class=\"elementor-form\" id=\"houzez-form-258569e\" method=\"post\" name=\"New Form\" action=\"https:\/\/foncomerinmobiliaria.com.co\/wp-admin\/admin-ajax.php\">\n            <input type=\"hidden\" name=\"form_id\" value=\"258569e\"\/>\n            <input type=\"hidden\" name=\"houzez_contact_form\" value=\"yes\"\/>\n            <input type=\"hidden\" name=\"action\" value=\"houzez_ele_contact_form\" \/>\n            <input type=\"hidden\" name=\"source_link\" value=\"https:\/\/foncomerinmobiliaria.com.co\/?page_id=1100\" \/>\n            <input type=\"hidden\" name=\"lead_page_id\" value=\"1100\" \/>\n            <input type=\"hidden\" name=\"email_to\" value=\"info@foncomerinmobiliaria.com.co\" \/>\n            <input type=\"hidden\" name=\"email_subject\" value=\"Mensaje de contacto pagina web \" \/>\n            <input type=\"hidden\" name=\"email_to_cc\" value=\"foncomerltda@gmail.com\" \/>\n            <input type=\"hidden\" name=\"email_to_bcc\" value=\"\" \/>\n            <input type=\"hidden\" name=\"webhook\" value=\"false\" \/>\n            <input type=\"hidden\" name=\"webhook_url\" value=\"\" \/>\n            <input type=\"hidden\" name=\"redirect_to\" value=\"\" \/>\n            <input type=\"hidden\" name=\"google_recaptcha\" value=\"false\" \/>\n            \n\n            <div class=\"elementor-form-fields-wrapper elementor-labels-above\">\n\n                                    <div class=\"elementor-field-group elementor-column form-group elementor-field-group-name elementor-col-50\">\n                    <label for=\"form-field-name\" class=\"elementor-field-label\">Nombre<\/label><input type=\"text\" name=\"first_name\" id=\"form-field-name\" class=\"elementor-field form-control elementor-size-sm elementor-field-textual\" placeholder=\"Nombre\" title=\"* Nombre\">                    <\/div>\n\n                                        <div class=\"elementor-field-group elementor-column form-group elementor-field-group-e30da64 elementor-col-50\">\n                    <label for=\"form-field-e30da64\" class=\"elementor-field-label\">Apellido<\/label><input type=\"text\" name=\"last_name\" id=\"form-field-e30da64\" class=\"elementor-field form-control elementor-size-sm elementor-field-textual\" placeholder=\"Apellido\" title=\"* Apellido\">                    <\/div>\n\n                                        <div class=\"elementor-field-group elementor-column form-group elementor-field-group-email elementor-col-50 elementor-field-required\">\n                    <label for=\"form-field-email\" class=\"elementor-field-label\">Email<\/label><input type=\"email\" name=\"email\" id=\"form-field-email\" class=\"elementor-field form-control elementor-size-sm elementor-field-textual\" placeholder=\"Email\" title=\"* Email\" required=\"required\">                    <\/div>\n\n                                        <div class=\"elementor-field-group elementor-column form-group elementor-field-group-50532db elementor-col-50 elementor-field-required\">\n                    <label for=\"form-field-50532db\" class=\"elementor-field-label\">Celular<\/label><input type=\"text\" name=\"mobile\" id=\"form-field-50532db\" class=\"elementor-field form-control elementor-size-sm elementor-field-textual\" placeholder=\"Celular\" title=\"* Celular\" required=\"required\">                    <\/div>\n\n                                        <div class=\"elementor-field-group elementor-column form-group elementor-field-group-message elementor-col-100\">\n                    <label for=\"form-field-message\" class=\"elementor-field-label\">Mensaje<\/label><textarea class=\"elementor-field-textual elementor-field elementor-size-sm\" name=\"message\" id=\"form-field-message\" rows=\"4\" placeholder=\"Mensaje\"><\/textarea>                    <\/div>\n\n                    \n                    \n                    \n                    <div class=\"elementor-field-group elementor-column elementor-field-type-submit elementor-col-100\">\n                    <button type=\"submit\" class=\"btn houzez-submit-button houzez-contact-form-js elementor-button elementor-size-sm\">\n                        <i class=\"btn-loader houzez-loader-js\"><\/i>\n                                                    Enviar                                            <\/button>\n                <\/div>\n            <\/div><!-- End wrapper-->\n            <br\/>\n            <div class=\"ele-form-messages\"><\/div>\n            <div class=\"error-container\"><\/div>\n\n        <\/form>\n\n    \t\t\t\t<\/div>\n\t\t\t\t<\/div>\n\t\t\t\t\t<\/div>\n\t\t<\/div>\n\t\t\t\t<div class=\"elementor-column elementor-col-25 elementor-top-column elementor-element elementor-element-6429e6fb\" data-id=\"6429e6fb\" data-element_type=\"column\" data-e-type=\"column\">\n\t\t\t<div class=\"elementor-widget-wrap elementor-element-populated\">\n\t\t\t\t\t\t<div class=\"elementor-element elementor-element-5792fa14 elementor-widget elementor-widget-text-editor\" data-id=\"5792fa14\" data-element_type=\"widget\" data-e-type=\"widget\" data-widget_type=\"text-editor.default\">\n\t\t\t\t<div class=\"elementor-widget-container\">\n\t\t\t\t\t\t\t\t\t<div class=\"wpb_text_column wpb_content_element \"><div class=\"wpb_wrapper\"><h5>\u00bfNecesitas ayuda para buscar en Foncomer?<\/h5><p>Si olvid\u00f3 su contrase\u00f1a o desea cambiar sus preferencias de correo electr\u00f3nico, use el formulario de contacto.<\/p><p>\u00a0<\/p><\/div><\/div>\t\t\t\t\t\t\t\t<\/div>\n\t\t\t\t<\/div>\n\t\t\t\t<div class=\"elementor-element elementor-element-aa06180 elementor-widget elementor-widget-image\" data-id=\"aa06180\" data-element_type=\"widget\" data-e-type=\"widget\" data-widget_type=\"image.default\">\n\t\t\t\t<div class=\"elementor-widget-container\">\n\t\t\t\t\t\t\t\t\t\t\t\t\t\t\t<img decoding=\"async\" width=\"312\" height=\"101\" src=\"https:\/\/foncomerinmobiliaria.com.co\/wp-content\/uploads\/2022\/11\/Logo-Foncomer_Mesa-de-trabajo-1.svg\" class=\"attachment-large size-large wp-image-4178\" alt=\"\" srcset=\"\" \/>\t\t\t\t\t\t\t\t\t\t\t\t\t\t\t<\/div>\n\t\t\t\t<\/div>\n\t\t\t\t\t<\/div>\n\t\t<\/div>\n\t\t\t\t<div class=\"elementor-column elementor-col-25 elementor-top-column elementor-element elementor-element-4f150150\" data-id=\"4f150150\" data-element_type=\"column\" data-e-type=\"column\">\n\t\t\t<div class=\"elementor-widget-wrap elementor-element-populated\">\n\t\t\t\t\t\t<div class=\"elementor-element elementor-element-b2d8ce elementor-widget elementor-widget-text-editor\" data-id=\"b2d8ce\" data-element_type=\"widget\" data-e-type=\"widget\" data-widget_type=\"text-editor.default\">\n\t\t\t\t<div class=\"elementor-widget-container\">\n\t\t\t\t\t\t\t\t\t<p><strong>Comunicate Ya !!!<\/strong><span style=\"font-family: 'Playfair Display'; font-size: 1.25rem; text-transform: capitalize; color: #212529;\">\u00a0 \u00a0 \u00a0\u00a0<\/span><\/p><h5><b>PBX. 310 791 4800.<\/b><\/h5><p><b>WHATSAPP. 315 360 3647<\/b><\/p><pre>\u00a0foncomerltda@gmail.com<\/pre>\t\t\t\t\t\t\t\t<\/div>\n\t\t\t\t<\/div>\n\t\t\t\t\t<\/div>\n\t\t<\/div>\n\t\t\t\t\t<\/div>\n\t\t<\/section>\n\t\t\t\t<section class=\"elementor-section elementor-top-section elementor-element elementor-element-484ae7d elementor-section-boxed elementor-section-height-default elementor-section-height-default\" data-id=\"484ae7d\" data-element_type=\"section\" data-e-type=\"section\">\n\t\t\t\t\t\t<div class=\"elementor-container elementor-column-gap-default\">\n\t\t\t\t\t<div class=\"elementor-column elementor-col-100 elementor-top-column elementor-element elementor-element-d92c422\" data-id=\"d92c422\" data-element_type=\"column\" data-e-type=\"column\">\n\t\t\t<div class=\"elementor-widget-wrap elementor-element-populated\">\n\t\t\t\t\t\t<div class=\"elementor-element elementor-element-4232637 elementor-widget elementor-widget-google_maps\" data-id=\"4232637\" data-element_type=\"widget\" data-e-type=\"widget\" data-widget_type=\"google_maps.default\">\n\t\t\t\t<div class=\"elementor-widget-container\">\n\t\t\t\t\t\t\t<div class=\"elementor-custom-embed\">\n\t\t\t<iframe loading=\"lazy\"\n\t\t\t\t\tsrc=\"https:\/\/maps.google.com\/maps?q=Kra.%2024%20%2351-21&#038;t=m&#038;z=16&#038;output=embed&#038;iwloc=near\"\n\t\t\t\t\ttitle=\"Kra. 24 #51-21\"\n\t\t\t\t\taria-label=\"Kra. 24 #51-21\"\n\t\t\t><\/iframe>\n\t\t<\/div>\n\t\t\t\t\t\t<\/div>\n\t\t\t\t<\/div>\n\t\t\t\t<div class=\"elementor-element elementor-element-c99f6eb elementor-widget elementor-widget-houzez_elementor_space\" data-id=\"c99f6eb\" data-element_type=\"widget\" data-e-type=\"widget\" data-widget_type=\"houzez_elementor_space.default\">\n\t\t\t\t<div class=\"elementor-widget-container\">\n\t\t\t\t\t        <div class=\"houzez-spacer\">\n            <div class=\"houzez-spacer-inner\"><\/div>\n        <\/div>\n        \t\t\t\t<\/div>\n\t\t\t\t<\/div>\n\t\t\t\t\t<\/div>\n\t\t<\/div>\n\t\t\t\t\t<\/div>\n\t\t<\/section>\n\t\t\t\t<\/div>\n\t\t","protected":false},"excerpt":{"rendered":"<p>Contacta con nosotros Ofrecemos propiedades \u00fanicas aptas para cualquier tipo de comodidad Escr\u00edbenos responderemos dentro de las 12 horas. Le proporcionaremos una respuesta detallada de nuestros agentes calificados con un plan de acci\u00f3n. Nombre Apellido Email Celular Mensaje Enviar \u00bfNecesitas ayuda para buscar en Foncomer? Si olvid\u00f3 su contrase\u00f1a o desea cambiar sus preferencias de [&hellip;]<\/p>\n","protected":false},"author":1,"featured_media":0,"parent":0,"menu_order":0,"comment_status":"closed","ping_status":"closed","template":"elementor_header_footer","meta":{"_joinchat":[],"footnotes":""},"class_list":["post-1100","page","type-page","status-publish","hentry"],"_links":{"self":[{"href":"https:\/\/foncomerinmobiliaria.com.co\/index.php?rest_route=\/wp\/v2\/pages\/1100","targetHints":{"allow":["GET"]}}],"collection":[{"href":"https:\/\/foncomerinmobiliaria.com.co\/index.php?rest_route=\/wp\/v2\/pages"}],"about":[{"href":"https:\/\/foncomerinmobiliaria.com.co\/index.php?rest_route=\/wp\/v2\/types\/page"}],"author":[{"embeddable":true,"href":"https:\/\/foncomerinmobiliaria.com.co\/index.php?rest_route=\/wp\/v2\/users\/1"}],"replies":[{"embeddable":true,"href":"https:\/\/foncomerinmobiliaria.com.co\/index.php?rest_route=%2Fwp%2Fv2%2Fcomments&post=1100"}],"version-history":[{"count":62,"href":"https:\/\/foncomerinmobiliaria.com.co\/index.php?rest_route=\/wp\/v2\/pages\/1100\/revisions"}],"predecessor-version":[{"id":19110,"href":"https:\/\/foncomerinmobiliaria.com.co\/index.php?rest_route=\/wp\/v2\/pages\/1100\/revisions\/19110"}],"wp:attachment":[{"href":"https:\/\/foncomerinmobiliaria.com.co\/index.php?rest_route=%2Fwp%2Fv2%2Fmedia&parent=1100"}],"curies":[{"name":"wp","href":"https:\/\/api.w.org\/{rel}","templated":true}]}}